{"id":33,"date":"2021-09-23T03:28:10","date_gmt":"2021-09-23T03:28:10","guid":{"rendered":"https:\/\/demo.casethemes.net\/itfirm\/?page_id=33"},"modified":"2024-03-16T18:11:05","modified_gmt":"2024-03-16T17:11:05","slug":"about","status":"publish","type":"page","link":"https:\/\/systemcenteroficial.com\/index.php\/about\/","title":{"rendered":"Quienes Somos"},"content":{"rendered":"\t\t<div data-elementor-type=\"wp-page\" data-elementor-id=\"33\" class=\"elementor elementor-33\">\n\t\t\t\t\t\t<section class=\"elementor-section elementor-top-section elementor-element elementor-element-8471de7 elementor-section-stretched elementor-section-boxed elementor-section-height-default elementor-section-height-default\" data-id=\"8471de7\" data-element_type=\"section\" data-e-type=\"section\" data-settings=\"{&quot;stretch_section&quot;:&quot;section-stretched&quot;,&quot;background_background&quot;:&quot;classic&quot;}\">\n\t\t\t\t\t\t<div class=\"elementor-container elementor-column-gap-extended\">\n\t\t\t\t\t<div class=\"elementor-column elementor-col-50 elementor-top-column elementor-element elementor-element-df51e7f\" data-id=\"df51e7f\" data-element_type=\"column\" data-e-type=\"column\">\n\t\t\t<div class=\"elementor-widget-wrap elementor-element-populated\">\n\t\t\t\t<div class=\"elementor-element elementor-element-febe4a5 e-con-full e-flex e-con e-parent\" data-id=\"febe4a5\" data-element_type=\"container\" data-e-type=\"container\">\n\t\t\t\t<div class=\"elementor-element elementor-element-1672adb elementor-widget elementor-widget-heading\" data-id=\"1672adb\" data-element_type=\"widget\" data-e-type=\"widget\" data-widget_type=\"heading.default\">\n\t\t\t\t<div class=\"elementor-widget-container\">\n\t\t\t\t\t<h2 class=\"elementor-heading-title elementor-size-default\">NUESTRA HISTORIA<\/h2>\t\t\t\t<\/div>\n\t\t\t\t<\/div>\n\t\t\t\t<div class=\"elementor-element elementor-element-0a765dc elementor-widget-divider--view-line elementor-widget elementor-widget-divider\" data-id=\"0a765dc\" data-element_type=\"widget\" data-e-type=\"widget\" data-widget_type=\"divider.default\">\n\t\t\t\t<div class=\"elementor-widget-container\">\n\t\t\t\t\t\t\t<div class=\"elementor-divider\">\n\t\t\t<span class=\"elementor-divider-separator\">\n\t\t\t\t\t\t<\/span>\n\t\t<\/div>\n\t\t\t\t\t\t<\/div>\n\t\t\t\t<\/div>\n\t\t\t\t<\/div>\n\t\t\t\t\t<\/div>\n\t\t<\/div>\n\t\t\t\t<div class=\"elementor-column elementor-col-50 elementor-top-column elementor-element elementor-element-bc87556\" data-id=\"bc87556\" data-element_type=\"column\" data-e-type=\"column\">\n\t\t\t<div class=\"elementor-widget-wrap\">\n\t\t\t\t\t\t\t<\/div>\n\t\t<\/div>\n\t\t\t\t\t<\/div>\n\t\t<\/section>\n\t\t<div class=\"elementor-element elementor-element-99d226b e-grid e-con-boxed e-con e-parent\" data-id=\"99d226b\" data-element_type=\"container\" data-e-type=\"container\" data-settings=\"{&quot;background_background&quot;:&quot;classic&quot;}\">\n\t\t\t\t\t<div class=\"e-con-inner\">\n\t\t<div class=\"elementor-element elementor-element-f6c11cb e-flex e-con-boxed e-con e-child\" data-id=\"f6c11cb\" data-element_type=\"container\" data-e-type=\"container\">\n\t\t\t\t\t<div class=\"e-con-inner\">\n\t\t\t\t<div class=\"elementor-element elementor-element-4359811 elementor-widget elementor-widget-text-editor\" data-id=\"4359811\" data-element_type=\"widget\" data-e-type=\"widget\" data-widget_type=\"text-editor.default\">\n\t\t\t\t<div class=\"elementor-widget-container\">\n\t\t\t\t\t\t\t\t\t<p>En Barranquilla, Puerta de Oro de Colombia y erigida recientemente Distrito Especial Industrial y Portuario, en el mes Julio de 2000 y gracias a la unificaci\u00f3n de los esfuerzos de la familia Corredor para llevar a cabo una empresa de utilidad com\u00fan, el <b>INSTITUTO CENTRO DE SISTEMAS S.A.S.<\/b>, abre sus puertas a la poblaci\u00f3n Barranquillera para dar soluci\u00f3n a ciertos problemas que se estaban presentando en esos momentos en la ciudad tales como: la necesidad de desarrollar competencias laborales a un n\u00famero creciente de egresados de las<\/p>\t\t\t\t\t\t\t\t<\/div>\n\t\t\t\t<\/div>\n\t\t\t\t\t<\/div>\n\t\t\t\t<\/div>\n\t\t<div class=\"elementor-element elementor-element-833f9ff e-flex e-con-boxed e-con e-child\" data-id=\"833f9ff\" data-element_type=\"container\" data-e-type=\"container\">\n\t\t\t\t\t<div class=\"e-con-inner\">\n\t\t\t\t<div class=\"elementor-element elementor-element-a4c7533 elementor-widget elementor-widget-text-editor\" data-id=\"a4c7533\" data-element_type=\"widget\" data-e-type=\"widget\" data-widget_type=\"text-editor.default\">\n\t\t\t\t<div class=\"elementor-widget-container\">\n\t\t\t\t\t\t\t\t\t<p>escuelas\u00a0de adultos del Distrito y sobre todo, capacitar a empleados y empresarios en el manejo de las tecnolog\u00edas, que se transfirieron con el fin de superar los desequilibrios causados por los procesos de modernizaci\u00f3n que se ven\u00edan gestando en las diferentes empresas e Instituciones de la ciudad.<\/p><p>El d\u00eda 31 de Agosto de 2000 la Secretar\u00eda Distrital de Educaci\u00f3n por medio de la Res. 002036 le concede al instituto la licencia de funcionamiento, autorizando a la Directora a ofrecer los programas en las \u00e1reas comerciales y de sistemas que a\u00fan se siguen ofreciendo. En ese mismo a\u00f1o en el mes de Octubre, a ra\u00edz de la<\/p>\t\t\t\t\t\t\t\t<\/div>\n\t\t\t\t<\/div>\n\t\t\t\t\t<\/div>\n\t\t\t\t<\/div>\n\t\t<div class=\"elementor-element elementor-element-44e1302 e-flex e-con-boxed e-con e-child\" data-id=\"44e1302\" data-element_type=\"container\" data-e-type=\"container\">\n\t\t\t\t\t<div class=\"e-con-inner\">\n\t\t\t\t<div class=\"elementor-element elementor-element-2cdff82 elementor-widget elementor-widget-text-editor\" data-id=\"2cdff82\" data-element_type=\"widget\" data-e-type=\"widget\" data-widget_type=\"text-editor.default\">\n\t\t\t\t<div class=\"elementor-widget-container\">\n\t\t\t\t\t\t\t\t\t<p>gran afluencia de aspirantes se abrieron dos sedes m\u00e1s que permitieron atender a m\u00e1s de doce mil personas. Si bien hoy d\u00eda, la cobertura no es igual, se cuenta con dos sedes estables que permiten mejorar d\u00eda a d\u00eda la oferta educativa.<\/p><p>La Instituci\u00f3n en estos a\u00f1os de vida ha venido estableciendo relaciones simbi\u00f3ticas de identidad y pertenencia con sus estudiantes y dem\u00e1s miembros de la comunidad educativa del instituto, lo que le ha dado reconocimiento a nivel de mercado, con muestras evidentes de aceptaci\u00f3n y apoyo por parte de las personas que conforman el \u00e1mbito educativo de la ciudad.<\/p>\t\t\t\t\t\t\t\t<\/div>\n\t\t\t\t<\/div>\n\t\t\t\t\t<\/div>\n\t\t\t\t<\/div>\n\t\t\t\t\t<\/div>\n\t\t\t\t<\/div>\n\t\t<div class=\"elementor-element elementor-element-9fca852 e-flex e-con-boxed e-con e-parent\" data-id=\"9fca852\" data-element_type=\"container\" data-e-type=\"container\" data-settings=\"{&quot;background_background&quot;:&quot;classic&quot;}\">\n\t\t\t\t\t<div class=\"e-con-inner\">\n\t\t<div class=\"elementor-element elementor-element-1941463 e-con-full e-flex e-con e-child\" data-id=\"1941463\" data-element_type=\"container\" data-e-type=\"container\" data-settings=\"{&quot;background_background&quot;:&quot;classic&quot;}\">\n\t\t\t\t<div class=\"elementor-element elementor-element-a8c7fd4 elementor-view-default elementor-widget elementor-widget-icon\" data-id=\"a8c7fd4\" data-element_type=\"widget\" data-e-type=\"widget\" data-widget_type=\"icon.default\">\n\t\t\t\t<div class=\"elementor-widget-container\">\n\t\t\t\t\t\t\t<div class=\"elementor-icon-wrapper\">\n\t\t\t<div class=\"elementor-icon\">\n\t\t\t<i aria-hidden=\"true\" class=\"fas fa-university\"><\/i>\t\t\t<\/div>\n\t\t<\/div>\n\t\t\t\t\t\t<\/div>\n\t\t\t\t<\/div>\n\t\t\t\t<div class=\"elementor-element elementor-element-cfbfad7 elementor-widget elementor-widget-heading\" data-id=\"cfbfad7\" data-element_type=\"widget\" data-e-type=\"widget\" data-widget_type=\"heading.default\">\n\t\t\t\t<div class=\"elementor-widget-container\">\n\t\t\t\t\t<h2 class=\"elementor-heading-title elementor-size-default\">Misi\u00f3n<\/h2>\t\t\t\t<\/div>\n\t\t\t\t<\/div>\n\t\t\t\t<div class=\"elementor-element elementor-element-01df826 elementor-widget elementor-widget-text-editor\" data-id=\"01df826\" data-element_type=\"widget\" data-e-type=\"widget\" data-widget_type=\"text-editor.default\">\n\t\t\t\t<div class=\"elementor-widget-container\">\n\t\t\t\t\t\t\t\t\t<p>Somos una instituci\u00f3n educativa dedicada a la prestaci\u00f3n del servicio de formaci\u00f3n por competencias laborales en programas t\u00e9cnicos, bachillerato para j\u00f3venes y adultos por ciclos y educaci\u00f3n continuada, con el prop\u00f3sito de suplir las necesidades de capacitaci\u00f3n de la poblaci\u00f3n y el sector empresarial a nivel regional y nacional. Garantizamos la calidad acad\u00e9mica de nuestros servicios, con nuestros docentes y colaboradores competentes e id\u00f3neos, ambientes virtuales, infraestructura y herramientas tecnol\u00f3gicas, adecuadas a las necesidades.<\/p><p>Fomentamos la formaci\u00f3n integral, fundamentada en comunicaci\u00f3n de principios \u00e9ticos, cultura emprendedora, empleabilidad y liderazgo innovador en el \u00e1mbito social y empresarial, contribuyendo a la transformaci\u00f3n social y econ\u00f3mica de la sociedad. Orientamos nuestros esfuerzos hacia el cliente, propendiendo por la excelencia en nuestros servicios, el crecimiento y sostenibilidad de la organizaci\u00f3n.<\/p>\t\t\t\t\t\t\t\t<\/div>\n\t\t\t\t<\/div>\n\t\t\t\t<\/div>\n\t\t<div class=\"elementor-element elementor-element-b2f09c6 e-con-full e-flex e-con e-child\" data-id=\"b2f09c6\" data-element_type=\"container\" data-e-type=\"container\" data-settings=\"{&quot;background_background&quot;:&quot;classic&quot;}\">\n\t\t\t\t<div class=\"elementor-element elementor-element-36d3f20 elementor-view-default elementor-widget elementor-widget-icon\" data-id=\"36d3f20\" data-element_type=\"widget\" data-e-type=\"widget\" data-widget_type=\"icon.default\">\n\t\t\t\t<div class=\"elementor-widget-container\">\n\t\t\t\t\t\t\t<div class=\"elementor-icon-wrapper\">\n\t\t\t<div class=\"elementor-icon\">\n\t\t\t<i aria-hidden=\"true\" class=\"flaticon flaticon-award\"><\/i>\t\t\t<\/div>\n\t\t<\/div>\n\t\t\t\t\t\t<\/div>\n\t\t\t\t<\/div>\n\t\t\t\t<div class=\"elementor-element elementor-element-b7af59a elementor-widget elementor-widget-heading\" data-id=\"b7af59a\" data-element_type=\"widget\" data-e-type=\"widget\" data-widget_type=\"heading.default\">\n\t\t\t\t<div class=\"elementor-widget-container\">\n\t\t\t\t\t<h2 class=\"elementor-heading-title elementor-size-default\">Visi\u00f3n\n<\/h2>\t\t\t\t<\/div>\n\t\t\t\t<\/div>\n\t\t\t\t<div class=\"elementor-element elementor-element-38b2f1f elementor-widget elementor-widget-text-editor\" data-id=\"38b2f1f\" data-element_type=\"widget\" data-e-type=\"widget\" data-widget_type=\"text-editor.default\">\n\t\t\t\t<div class=\"elementor-widget-container\">\n\t\t\t\t\t\t\t\t\t<div>\n<div>\n<div>\n<div>\n<div>\n<div data-gdlr-animation-duration=\"600ms\" data-gdlr-animation-offset=\"0.8\">\n<div>\n<div>\n<div>\n<div>\n<p>Para el a\u00f1o 2024, ser una organizaci\u00f3n l\u00edder en el sector educativo, con un portafolio de servicios pertinente, con altos est\u00e1ndares de calidad, inclusivo, accesible a toda la poblaci\u00f3n; destac\u00e1ndose por su alto nivel formativo, su compromiso social en la formaci\u00f3n integral de ciudadanos competentes y emprendedores; garantizando su posicionamiento en el \u00e1mbito laboral y promoviendo alianzas con el sector productivo a nivel nacional e internacional.<\/p>\n<\/div>\n<\/div>\n<\/div>\n<\/div>\n<\/div>\n<\/div>\n<\/div>\n<\/div>\n<\/div>\n<\/div>\t\t\t\t\t\t\t\t<\/div>\n\t\t\t\t<\/div>\n\t\t\t\t<\/div>\n\t\t\t\t\t<\/div>\n\t\t\t\t<\/div>\n\t\t\t\t<\/div>\n\t\t","protected":false},"excerpt":{"rendered":"<p>NUESTRA HISTORIA En Barranquilla, Puerta de Oro de Colombia y erigida recientemente Distrito Especial Industrial y Portuario, en el mes Julio de 2000 y gracias a la unificaci\u00f3n de los esfuerzos de la familia Corredor para llevar a cabo una empresa de utilidad com\u00fan, el INSTITUTO CENTRO DE SISTEMAS S.A.S., abre sus puertas a la [&hellip;]<\/p>\n","protected":false},"author":1,"featured_media":0,"parent":0,"menu_order":0,"comment_status":"closed","ping_status":"closed","template":"elementor_header_footer","meta":{"footnotes":""},"class_list":["post-33","page","type-page","status-publish","hentry"],"_links":{"self":[{"href":"https:\/\/systemcenteroficial.com\/index.php\/wp-json\/wp\/v2\/pages\/33","targetHints":{"allow":["GET"]}}],"collection":[{"href":"https:\/\/systemcenteroficial.com\/index.php\/wp-json\/wp\/v2\/pages"}],"about":[{"href":"https:\/\/systemcenteroficial.com\/index.php\/wp-json\/wp\/v2\/types\/page"}],"author":[{"embeddable":true,"href":"https:\/\/systemcenteroficial.com\/index.php\/wp-json\/wp\/v2\/users\/1"}],"replies":[{"embeddable":true,"href":"https:\/\/systemcenteroficial.com\/index.php\/wp-json\/wp\/v2\/comments?post=33"}],"version-history":[{"count":151,"href":"https:\/\/systemcenteroficial.com\/index.php\/wp-json\/wp\/v2\/pages\/33\/revisions"}],"predecessor-version":[{"id":9782,"href":"https:\/\/systemcenteroficial.com\/index.php\/wp-json\/wp\/v2\/pages\/33\/revisions\/9782"}],"wp:attachment":[{"href":"https:\/\/systemcenteroficial.com\/index.php\/wp-json\/wp\/v2\/media?parent=33"}],"curies":[{"name":"wp","href":"https:\/\/api.w.org\/{rel}","templated":true}]}}